{"id":76085,"date":"2023-11-27T12:41:15","date_gmt":"2023-11-27T17:41:15","guid":{"rendered":"https:\/\/cafedepot.com\/catering-form\/"},"modified":"2025-12-03T13:33:36","modified_gmt":"2025-12-03T18:33:36","slug":"traiteur-formulaire","status":"publish","type":"page","link":"https:\/\/cafedepot.com\/fr\/traiteur-formulaire\/","title":{"rendered":"Traiteur Formulaire"},"content":{"rendered":"\t\t<div data-elementor-type=\"wp-page\" data-elementor-id=\"76085\" class=\"elementor elementor-76085 elementor-75940\" data-elementor-post-type=\"page\">\n\t\t\t\t\t\t<section class=\"has_eae_slider elementor-section elementor-top-section elementor-element elementor-element-0c9090e elementor-section-boxed elementor-section-height-default elementor-section-height-default\" data-eae-slider=\"99554\" data-particle_enable=\"false\" data-particle-mobile-disabled=\"false\" data-id=\"0c9090e\" data-element_type=\"section\" data-e-type=\"section\">\n\t\t\t\t\t\t<div class=\"elementor-container elementor-column-gap-default\">\n\t\t\t\t\t<div class=\"has_eae_slider elementor-column elementor-col-100 elementor-top-column elementor-element elementor-element-02f8f32\" data-eae-slider=\"69985\" data-id=\"02f8f32\" data-element_type=\"column\" data-e-type=\"column\">\n\t\t\t<div class=\"elementor-widget-wrap elementor-element-populated\">\n\t\t\t\t\t\t<div class=\"elementor-element elementor-element-ae989b4 elementor-widget elementor-widget-heading\" data-id=\"ae989b4\" data-element_type=\"widget\" data-e-type=\"widget\" data-widget_type=\"heading.default\">\n\t\t\t\t<div class=\"elementor-widget-container\">\n\t\t\t\t\t<h2 class=\"elementor-heading-title elementor-size-default\">Traiteur Formulaire<\/h2>\t\t\t\t<\/div>\n\t\t\t\t<\/div>\n\t\t\t\t<div class=\"elementor-element elementor-element-77cf0fb elementor-widget elementor-widget-text-editor\" data-id=\"77cf0fb\" data-element_type=\"widget\" data-e-type=\"widget\" data-widget_type=\"text-editor.default\">\n\t\t\t\t<div class=\"elementor-widget-container\">\n\t\t\t\t\t\t\t\t\t<p>Veuillez consulter le menu traiteur ci-dessous avant de faire une demande.<\/p>\t\t\t\t\t\t\t\t<\/div>\n\t\t\t\t<\/div>\n\t\t\t\t<div class=\"elementor-element elementor-element-28ef07e elementor-align-center elementor-widget elementor-widget-button\" data-id=\"28ef07e\" data-element_type=\"widget\" data-e-type=\"widget\" data-widget_type=\"button.default\">\n\t\t\t\t<div class=\"elementor-widget-container\">\n\t\t\t\t\t\t\t\t\t<div class=\"elementor-button-wrapper\">\n\t\t\t\t\t<a class=\"elementor-button elementor-button-link elementor-size-sm\" href=\"\/wp-content\/uploads\/2023\/11\/CD23_MENUS_002_CATERING-MENU_6.5x9.75_JAN23_V10-1.pdf\">\n\t\t\t\t\t\t<span class=\"elementor-button-content-wrapper\">\n\t\t\t\t\t\t\t\t\t<span class=\"elementor-button-text\">Menu traiteur<\/span>\n\t\t\t\t\t<\/span>\n\t\t\t\t\t<\/a>\n\t\t\t\t<\/div>\n\t\t\t\t\t\t\t\t<\/div>\n\t\t\t\t<\/div>\n\t\t\t\t<div class=\"elementor-element elementor-element-36a83ad elementor-widget__width-initial elementor-widget-mobile__width-inherit elementor-button-align-stretch elementor-widget elementor-widget-form\" data-id=\"36a83ad\" data-element_type=\"widget\" data-e-type=\"widget\" data-settings=\"{&quot;step_next_label&quot;:&quot;Retour&quot;,&quot;step_previous_label&quot;:&quot;Suivant&quot;,&quot;step_type&quot;:&quot;text&quot;,&quot;button_width&quot;:&quot;100&quot;}\" data-widget_type=\"form.default\">\n\t\t\t\t<div class=\"elementor-widget-container\">\n\t\t\t\t\t\t\t<form class=\"elementor-form\" method=\"post\" id=\"catering_form\" name=\"New Form\" aria-label=\"New Form\">\n\t\t\t<input type=\"hidden\" name=\"post_id\" value=\"76085\"\/>\n\t\t\t<input type=\"hidden\" name=\"form_id\" value=\"36a83ad\"\/>\n\t\t\t<input type=\"hidden\" name=\"referer_title\" value=\"Traiteur Formulaire | Caf\u00e9 D\u00e9p\u00f4t\" \/>\n\n\t\t\t\t\t\t\t<input type=\"hidden\" name=\"queried_id\" value=\"76085\"\/>\n\t\t\t\n\t\t\t<div class=\"elementor-form-fields-wrapper elementor-labels-above\">\n\t\t\t\t\t\t\t\t<div class=\"elementor-field-type-step elementor-field-group elementor-column elementor-field-group-field_a4e73d3 elementor-col-100\">\n\t\t\t\t\t\t\t<div class=\"e-field-step elementor-hidden\" data-label=\"CONTACT DETAILS\" data-previousButton=\"\" data-nextButton=\"Suivant\" data-iconUrl=\"\" data-iconLibrary=\"fas fa-star\" data-icon=\"\" ><\/div>\n\n\t\t\t\t\t\t<\/div>\n\t\t\t\t\t\t\t\t<div class=\"elementor-field-type-text elementor-field-group elementor-column elementor-field-group-name elementor-col-100\">\n\t\t\t\t\t\t\t\t\t\t\t\t<label for=\"form-field-name\" class=\"elementor-field-label\">\n\t\t\t\t\t\t\t\tPr\u00e9nom\t\t\t\t\t\t\t<\/label>\n\t\t\t\t\t\t\t\t\t\t\t\t\t\t<input size=\"1\" type=\"text\" name=\"form_fields[name]\" id=\"form-field-name\" class=\"elementor-field elementor-size-sm  elementor-field-textual\">\n\t\t\t\t\t\t\t\t\t\t\t<\/div>\n\t\t\t\t\t\t\t\t<div class=\"elementor-field-type-text elementor-field-group elementor-column elementor-field-group-field_24d5050 elementor-col-100\">\n\t\t\t\t\t\t\t\t\t\t\t\t<label for=\"form-field-field_24d5050\" class=\"elementor-field-label\">\n\t\t\t\t\t\t\t\tNom de famille\t\t\t\t\t\t\t<\/label>\n\t\t\t\t\t\t\t\t\t\t\t\t\t\t<input size=\"1\" type=\"text\" name=\"form_fields[field_24d5050]\" id=\"form-field-field_24d5050\" class=\"elementor-field elementor-size-sm  elementor-field-textual\">\n\t\t\t\t\t\t\t\t\t\t\t<\/div>\n\t\t\t\t\t\t\t\t<div class=\"elementor-field-type-tel elementor-field-group elementor-column elementor-field-group-email elementor-col-100\">\n\t\t\t\t\t\t\t\t\t\t\t\t<label for=\"form-field-email\" class=\"elementor-field-label\">\n\t\t\t\t\t\t\t\tNum\u00e9ro de t\u00e9l\u00e9phone\t\t\t\t\t\t\t<\/label>\n\t\t\t\t\t\t\t\t<input size=\"1\" type=\"tel\" name=\"form_fields[email]\" id=\"form-field-email\" class=\"elementor-field elementor-size-sm  elementor-field-textual\" pattern=\"[0-9()#&amp;+*-=.]+\" title=\"Seuls les caract\u00e8res de num\u00e9ros de t\u00e9l\u00e9phone (#, -, *, etc.) sont accept\u00e9s.\">\n\n\t\t\t\t\t\t<\/div>\n\t\t\t\t\t\t\t\t<div class=\"elementor-field-type-email elementor-field-group elementor-column elementor-field-group-field_d04fc6c elementor-col-100\">\n\t\t\t\t\t\t\t\t\t\t\t\t<label for=\"form-field-field_d04fc6c\" class=\"elementor-field-label\">\n\t\t\t\t\t\t\t\tCourriel\t\t\t\t\t\t\t<\/label>\n\t\t\t\t\t\t\t\t\t\t\t\t\t\t<input size=\"1\" type=\"email\" name=\"form_fields[field_d04fc6c]\" id=\"form-field-field_d04fc6c\" class=\"elementor-field elementor-size-sm  elementor-field-textual\">\n\t\t\t\t\t\t\t\t\t\t\t<\/div>\n\t\t\t\t\t\t\t\t<div class=\"elementor-field-type-step elementor-field-group elementor-column elementor-field-group-field_49ad9b6 elementor-col-100\">\n\t\t\t\t\t\t\t<div class=\"e-field-step elementor-hidden\" data-label=\"D\u00c9TAILS DE L&#039;\u00c9V\u00c9NEMENT\" data-previousButton=\"Retour\" data-nextButton=\"Suivant\" data-iconUrl=\"\" data-iconLibrary=\"fas fa-star\" data-icon=\"\" ><\/div>\n\n\t\t\t\t\t\t<\/div>\n\t\t\t\t\t\t\t\t<div class=\"elementor-field-type-text elementor-field-group elementor-column elementor-field-group-message elementor-col-100\">\n\t\t\t\t\t\t\t\t\t\t\t\t<label for=\"form-field-message\" class=\"elementor-field-label\">\n\t\t\t\t\t\t\t\t\u00c9v\u00e8nement \t\t\t\t\t\t\t<\/label>\n\t\t\t\t\t\t\t\t\t\t\t\t\t\t<input size=\"1\" type=\"text\" name=\"form_fields[message]\" id=\"form-field-message\" class=\"elementor-field elementor-size-sm  elementor-field-textual\">\n\t\t\t\t\t\t\t\t\t\t\t<\/div>\n\t\t\t\t\t\t\t\t<div class=\"elementor-field-type-text elementor-field-group elementor-column elementor-field-group-field_f1c8526 elementor-col-100\">\n\t\t\t\t\t\t\t\t\t\t\t\t<label for=\"form-field-field_f1c8526\" class=\"elementor-field-label\">\n\t\t\t\t\t\t\t\tNombre d'invit\u00e9s\t\t\t\t\t\t\t<\/label>\n\t\t\t\t\t\t\t\t\t\t\t\t\t\t<input size=\"1\" type=\"text\" name=\"form_fields[field_f1c8526]\" id=\"form-field-field_f1c8526\" class=\"elementor-field elementor-size-sm  elementor-field-textual\">\n\t\t\t\t\t\t\t\t\t\t\t<\/div>\n\t\t\t\t\t\t\t\t<div class=\"elementor-field-type-text elementor-field-group elementor-column elementor-field-group-field_7149041 elementor-col-100\">\n\t\t\t\t\t\t\t\t\t\t\t\t<label for=\"form-field-field_7149041\" class=\"elementor-field-label\">\n\t\t\t\t\t\t\t\tBudget approximatif\t\t\t\t\t\t\t<\/label>\n\t\t\t\t\t\t\t\t\t\t\t\t\t\t<input size=\"1\" type=\"text\" name=\"form_fields[field_7149041]\" id=\"form-field-field_7149041\" class=\"elementor-field elementor-size-sm  elementor-field-textual\">\n\t\t\t\t\t\t\t\t\t\t\t<\/div>\n\t\t\t\t\t\t\t\t<div class=\"elementor-field-type-text elementor-field-group elementor-column elementor-field-group-field_89e9411 elementor-col-100\">\n\t\t\t\t\t\t\t\t\t\t\t\t<label for=\"form-field-field_89e9411\" class=\"elementor-field-label\">\n\t\t\t\t\t\t\t\tProvince\t\t\t\t\t\t\t<\/label>\n\t\t\t\t\t\t\t\t\t\t\t\t\t\t<input size=\"1\" type=\"text\" name=\"form_fields[field_89e9411]\" id=\"form-field-field_89e9411\" class=\"elementor-field elementor-size-sm  elementor-field-textual\">\n\t\t\t\t\t\t\t\t\t\t\t<\/div>\n\t\t\t\t\t\t\t\t<div class=\"elementor-field-type-text elementor-field-group elementor-column elementor-field-group-field_6331f2c elementor-col-100\">\n\t\t\t\t\t\t\t\t\t\t\t\t<label for=\"form-field-field_6331f2c\" class=\"elementor-field-label\">\n\t\t\t\t\t\t\t\tAdresse\t\t\t\t\t\t\t<\/label>\n\t\t\t\t\t\t\t\t\t\t\t\t\t\t<input size=\"1\" type=\"text\" name=\"form_fields[field_6331f2c]\" id=\"form-field-field_6331f2c\" class=\"elementor-field elementor-size-sm  elementor-field-textual\">\n\t\t\t\t\t\t\t\t\t\t\t<\/div>\n\t\t\t\t\t\t\t\t<div class=\"elementor-field-type-text elementor-field-group elementor-column elementor-field-group-field_3391e92 elementor-col-100\">\n\t\t\t\t\t\t\t\t\t\t\t\t<label for=\"form-field-field_3391e92\" class=\"elementor-field-label\">\n\t\t\t\t\t\t\t\tVille\t\t\t\t\t\t\t<\/label>\n\t\t\t\t\t\t\t\t\t\t\t\t\t\t<input size=\"1\" type=\"text\" name=\"form_fields[field_3391e92]\" id=\"form-field-field_3391e92\" class=\"elementor-field elementor-size-sm  elementor-field-textual\">\n\t\t\t\t\t\t\t\t\t\t\t<\/div>\n\t\t\t\t\t\t\t\t<div class=\"elementor-field-type-date elementor-field-group elementor-column elementor-field-group-field_abac149 elementor-col-100\">\n\t\t\t\t\t\t\t\t\t\t\t\t<label for=\"form-field-field_abac149\" class=\"elementor-field-label\">\n\t\t\t\t\t\t\t\tDate\t\t\t\t\t\t\t<\/label>\n\t\t\t\t\t\t\n\t\t<input type=\"date\" name=\"form_fields[field_abac149]\" id=\"form-field-field_abac149\" class=\"elementor-field elementor-size-sm  elementor-field-textual elementor-date-field\" pattern=\"[0-9]{4}-[0-9]{2}-[0-9]{2}\">\n\t\t\t\t\t\t<\/div>\n\t\t\t\t\t\t\t\t<div class=\"elementor-field-type-time elementor-field-group elementor-column elementor-field-group-field_f2d369e elementor-col-100\">\n\t\t\t\t\t\t\t\t\t\t\t\t<label for=\"form-field-field_f2d369e\" class=\"elementor-field-label\">\n\t\t\t\t\t\t\t\tHeure\t\t\t\t\t\t\t<\/label>\n\t\t\t\t\t\t\t\t<input type=\"time\" name=\"form_fields[field_f2d369e]\" id=\"form-field-field_f2d369e\" class=\"elementor-field elementor-size-sm  elementor-field-textual elementor-time-field\">\n\t\t\t\t\t\t<\/div>\n\t\t\t\t\t\t\t\t<div class=\"elementor-field-type-html elementor-field-group elementor-column elementor-field-group-field_89b760d elementor-col-100\">\n\t\t\t\t\t<strong>Veuillez noter que toutes les commandes de service traiteur n\u00e9cessitent un d\u00e9lai de traitement de 36 \u00e0 48 heures.<\/strong>\t\t\t\t<\/div>\n\t\t\t\t\t\t\t\t<div class=\"elementor-field-type-step elementor-field-group elementor-column elementor-field-group-field_ae40b0f elementor-col-100\">\n\t\t\t\t\t\t\t<div class=\"e-field-step elementor-hidden\" data-label=\"COMMANDE\" data-previousButton=\"Retour\" data-nextButton=\"Compl\u00e9tez votre commande\" data-iconUrl=\"\" data-iconLibrary=\"\" data-icon=\"\" ><\/div>\n\n\t\t\t\t\t\t<\/div>\n\t\t\t\t\t\t\t\t<div class=\"elementor-field-type-checkbox elementor-field-group elementor-column elementor-field-group-field_9b9a5a5 elementor-col-100\">\n\t\t\t\t\t\t\t\t\t\t\t\t<label for=\"form-field-field_9b9a5a5\" class=\"elementor-field-label\">\n\t\t\t\t\t\t\t\tPr\u00e9f\u00e9rences pour le menu traiteur (Choisissez-en plusieurs)\t\t\t\t\t\t\t<\/label>\n\t\t\t\t\t\t<div class=\"elementor-field-subgroup  \"><span class=\"elementor-field-option\"><input type=\"checkbox\" value=\"D\u00e9jeuner\" id=\"form-field-field_9b9a5a5-0\" name=\"form_fields[field_9b9a5a5][]\"> <label for=\"form-field-field_9b9a5a5-0\">D\u00e9jeuner<\/label><\/span><span class=\"elementor-field-option\"><input type=\"checkbox\" value=\"Boissons\" id=\"form-field-field_9b9a5a5-1\" name=\"form_fields[field_9b9a5a5][]\"> <label for=\"form-field-field_9b9a5a5-1\">Boissons<\/label><\/span><span class=\"elementor-field-option\"><input type=\"checkbox\" value=\"Plateaux\" id=\"form-field-field_9b9a5a5-2\" name=\"form_fields[field_9b9a5a5][]\"> <label for=\"form-field-field_9b9a5a5-2\">Plateaux<\/label><\/span><span class=\"elementor-field-option\"><input type=\"checkbox\" value=\"D\u00e9jeuner\" id=\"form-field-field_9b9a5a5-3\" name=\"form_fields[field_9b9a5a5][]\"> <label for=\"form-field-field_9b9a5a5-3\">D\u00e9jeuner<\/label><\/span><span class=\"elementor-field-option\"><input type=\"checkbox\" value=\"Caf\u00e9 \/ th\u00e9\" id=\"form-field-field_9b9a5a5-4\" name=\"form_fields[field_9b9a5a5][]\"> <label for=\"form-field-field_9b9a5a5-4\">Caf\u00e9 \/ th\u00e9<\/label><\/span><span class=\"elementor-field-option\"><input type=\"checkbox\" value=\"P\u00e2tisserie \/ muffins\" id=\"form-field-field_9b9a5a5-5\" name=\"form_fields[field_9b9a5a5][]\"> <label for=\"form-field-field_9b9a5a5-5\">P\u00e2tisserie \/ muffins<\/label><\/span><\/div>\t\t\t\t<\/div>\n\t\t\t\t\t\t\t\t<div class=\"elementor-field-type-text elementor-field-group elementor-column elementor-field-group-field_26e31d1 elementor-col-100\">\n\t\t\t\t\t\t\t\t\t\t\t\t<label for=\"form-field-field_26e31d1\" class=\"elementor-field-label\">\n\t\t\t\t\t\t\t\tContraintes alimentaires\t\t\t\t\t\t\t<\/label>\n\t\t\t\t\t\t\t\t\t\t\t\t\t\t<input size=\"1\" type=\"text\" name=\"form_fields[field_26e31d1]\" id=\"form-field-field_26e31d1\" class=\"elementor-field elementor-size-sm  elementor-field-textual\">\n\t\t\t\t\t\t\t\t\t\t\t<\/div>\n\t\t\t\t\t\t\t\t<div class=\"elementor-field-type-textarea elementor-field-group elementor-column elementor-field-group-field_7a2d7a5 elementor-col-100\">\n\t\t\t\t\t\t\t\t\t\t\t\t<label for=\"form-field-field_7a2d7a5\" class=\"elementor-field-label\">\n\t\t\t\t\t\t\t\tDemandes ou commentaires suppl\u00e9mentaires\t\t\t\t\t\t\t<\/label>\n\t\t\t\t\t\t<textarea class=\"elementor-field-textual elementor-field  elementor-size-sm\" name=\"form_fields[field_7a2d7a5]\" id=\"form-field-field_7a2d7a5\" rows=\"4\"><\/textarea>\t\t\t\t<\/div>\n\t\t\t\t\t\t\t\t<div class=\"elementor-field-type-html elementor-field-group elementor-column elementor-field-group-field_9f3f7a2 elementor-col-100\">\n\t\t\t\t\t<p><b>Veuillez noter<\/b> : Les prix, la disponibilit\u00e9 et la pr\u00e9sentation de nos produits peuvent varier sans pr\u00e9avis. Les prix n'incluent pas la taxe de vente.<\/p>\n\n<p style=\"margin-bottom: 0\"><b>Champs obligatoires<\/b><\/p>\n<p>En remplissant ce formulaire, vous acceptez que vos renseignements personnels soient recueillis et conserv&eacute;s par Caf\u00e9 D\u00e9p\u00f2t, ce qui permettra &agrave; l&rsquo;&eacute;quipe de gestion de Caf\u00e9 D\u00e9p\u00f2t de vous contacter par t&eacute;l&eacute;phone, par message texte et\/ou par courriel.<\/p>\n\n<p>Vous avez le droit d'acc&eacute;der &agrave; vos renseignements personnels ou de corriger toute inexactitude, le cas &eacute;ch&eacute;ant.<\/p>\n\n<p>Avant de soumettre votre formulaire, nous vous demandons de lire et d'accepter les termes de la politique de confidentialit&eacute; de Caf\u00e9 D\u00e9p\u00f2t, <a href=\"https:\/\/mtygroup.com\/politique-de-confidentialite\/\" target=\"_blank\" rel=\"nofollow noopener noreferrer\">ici<\/a>.<\/p>\t\t\t\t<\/div>\n\t\t\t\t\t\t\t\t<div class=\"elementor-field-type-radio elementor-field-group elementor-column elementor-field-group-field_2bfaaf4 elementor-col-100 elementor-field-required\">\n\t\t\t\t\t<div class=\"elementor-field-subgroup  \"><span class=\"elementor-field-option\"><input type=\"radio\" value=\"Oui, j&#039;ai lu et j&#039;accepte les termes de la politique de confidentialit\u00e9 de Caf\u00e9 D\u00e9p\u00f2t et j\u2019accepte d\u2019\u00eatre contact\u00e9 par l\u2019\u00e9quipe de gestion de Caf\u00e9 D\u00e9p\u00f2t.\" id=\"form-field-field_2bfaaf4-0\" name=\"form_fields[field_2bfaaf4]\" required=\"required\"> <label for=\"form-field-field_2bfaaf4-0\">Oui, j'ai lu et j'accepte les termes de la politique de confidentialit\u00e9 de Caf\u00e9 D\u00e9p\u00f2t et j\u2019accepte d\u2019\u00eatre contact\u00e9 par l\u2019\u00e9quipe de gestion de Caf\u00e9 D\u00e9p\u00f2t.<\/label><\/span><\/div>\t\t\t\t<\/div>\n\t\t\t\t\t\t\t\t<div class=\"elementor-field-group elementor-column elementor-field-type-submit elementor-col-100 e-form__buttons\">\n\t\t\t\t\t<button class=\"elementor-button elementor-size-sm\" type=\"submit\">\n\t\t\t\t\t\t<span class=\"elementor-button-content-wrapper\">\n\t\t\t\t\t\t\t\t\t\t\t\t\t\t\t\t\t\t\t\t\t\t<span class=\"elementor-button-text\">Soumettre<\/span>\n\t\t\t\t\t\t\t\t\t\t\t\t\t<\/span>\n\t\t\t\t\t<\/button>\n\t\t\t\t<\/div>\n\t\t\t<\/div>\n\t\t<\/form>\n\t\t\t\t\t\t<\/div>\n\t\t\t\t<\/div>\n\t\t\t\t\t<\/div>\n\t\t<\/div>\n\t\t\t\t\t<\/div>\n\t\t<\/section>\n\t\t\t\t<\/div>\n\t\t","protected":false},"excerpt":{"rendered":"<p>Traiteur Formulaire Veuillez consulter le menu traiteur ci-dessous avant de faire une demande. Menu traiteur<\/p>\n","protected":false},"author":1,"featured_media":0,"parent":0,"menu_order":0,"comment_status":"closed","ping_status":"closed","template":"","meta":{"footnotes":""},"class_list":["post-76085","page","type-page","status-publish","hentry"],"_links":{"self":[{"href":"https:\/\/cafedepot.com\/fr\/wp-json\/wp\/v2\/pages\/76085","targetHints":{"allow":["GET"]}}],"collection":[{"href":"https:\/\/cafedepot.com\/fr\/wp-json\/wp\/v2\/pages"}],"about":[{"href":"https:\/\/cafedepot.com\/fr\/wp-json\/wp\/v2\/types\/page"}],"author":[{"embeddable":true,"href":"https:\/\/cafedepot.com\/fr\/wp-json\/wp\/v2\/users\/1"}],"replies":[{"embeddable":true,"href":"https:\/\/cafedepot.com\/fr\/wp-json\/wp\/v2\/comments?post=76085"}],"version-history":[{"count":0,"href":"https:\/\/cafedepot.com\/fr\/wp-json\/wp\/v2\/pages\/76085\/revisions"}],"wp:attachment":[{"href":"https:\/\/cafedepot.com\/fr\/wp-json\/wp\/v2\/media?parent=76085"}],"curies":[{"name":"wp","href":"https:\/\/api.w.org\/{rel}","templated":true}]}}