{"id":75488,"date":"2023-10-27T17:45:11","date_gmt":"2023-10-27T21:45:11","guid":{"rendered":"https:\/\/cafedepot.com\/contact-careers\/"},"modified":"2023-12-04T18:01:16","modified_gmt":"2023-12-04T22:01:16","slug":"contact-carrieres","status":"publish","type":"page","link":"https:\/\/cafedepot.com\/fr\/contact-carrieres\/","title":{"rendered":"Contact &#8211; Carri\u00e8res"},"content":{"rendered":"\t\t<div data-elementor-type=\"wp-page\" data-elementor-id=\"75488\" class=\"elementor elementor-75488 elementor-73994\" data-elementor-post-type=\"page\">\n\t\t\t\t\t\t<section class=\"has_eae_slider elementor-section elementor-top-section elementor-element elementor-element-99c30b5 elementor-section-full_width elementor-section-height-default elementor-section-height-default\" data-eae-slider=\"86162\" data-particle_enable=\"false\" data-particle-mobile-disabled=\"false\" data-id=\"99c30b5\" data-element_type=\"section\" data-e-type=\"section\">\n\t\t\t\t\t\t<div class=\"elementor-container elementor-column-gap-default\">\n\t\t\t\t\t<div class=\"has_eae_slider elementor-column elementor-col-50 elementor-top-column elementor-element elementor-element-65b3b77\" data-eae-slider=\"43934\" data-id=\"65b3b77\" data-element_type=\"column\" data-e-type=\"column\">\n\t\t\t<div class=\"elementor-widget-wrap elementor-element-populated\">\n\t\t\t\t\t\t<div class=\"elementor-element elementor-element-c4f35e7 elementor-widget elementor-widget-button\" data-id=\"c4f35e7\" data-element_type=\"widget\" data-e-type=\"widget\" data-widget_type=\"button.default\">\n\t\t\t\t<div class=\"elementor-widget-container\">\n\t\t\t\t\t\t\t\t\t<div class=\"elementor-button-wrapper\">\n\t\t\t\t\t<a class=\"elementor-button elementor-button-link elementor-size-sm\" href=\"\/fr\/soutien\/\">\n\t\t\t\t\t\t<span class=\"elementor-button-content-wrapper\">\n\t\t\t\t\t\t<span class=\"elementor-button-icon\">\n\t\t\t\t<svg xmlns=\"http:\/\/www.w3.org\/2000\/svg\" width=\"24\" height=\"24\" viewBox=\"0 0 24 24\" fill=\"none\"><path d=\"M20 11.0005H6.83L9.71 8.12047C10.1 7.73047 10.1 7.10047 9.71 6.71047C9.32 6.32047 8.69 6.32047 8.3 6.71047L3.71 11.3005C3.32 11.6905 3.32 12.3205 3.71 12.7105L8.3 17.3005C8.69 17.6905 9.32 17.6905 9.71 17.3005C10.1 16.9105 10.1 16.2805 9.71 15.8905L6.83 13.0005H20C20.55 13.0005 21 12.5505 21 12.0005C21 11.4505 20.55 11.0005 20 11.0005Z\" fill=\"#323232\"><\/path><\/svg>\t\t\t<\/span>\n\t\t\t\t\t\t\t\t\t<span class=\"elementor-button-text\">RETOUR<\/span>\n\t\t\t\t\t<\/span>\n\t\t\t\t\t<\/a>\n\t\t\t\t<\/div>\n\t\t\t\t\t\t\t\t<\/div>\n\t\t\t\t<\/div>\n\t\t\t\t\t<\/div>\n\t\t<\/div>\n\t\t\t\t<div class=\"has_eae_slider elementor-column elementor-col-50 elementor-top-column elementor-element elementor-element-a8501a1\" data-eae-slider=\"53426\" data-id=\"a8501a1\" data-element_type=\"column\" data-e-type=\"column\">\n\t\t\t<div class=\"elementor-widget-wrap elementor-element-populated\">\n\t\t\t\t\t\t<div class=\"elementor-element elementor-element-2c03c88 elementor-widget elementor-widget-heading\" data-id=\"2c03c88\" data-element_type=\"widget\" data-e-type=\"widget\" data-widget_type=\"heading.default\">\n\t\t\t\t<div class=\"elementor-widget-container\">\n\t\t\t\t\t<h2 class=\"elementor-heading-title elementor-size-default\">SOUTIEN <\/h2>\t\t\t\t<\/div>\n\t\t\t\t<\/div>\n\t\t\t\t<div class=\"elementor-element elementor-element-e8c2dcd elementor-widget elementor-widget-heading\" data-id=\"e8c2dcd\" data-element_type=\"widget\" data-e-type=\"widget\" data-widget_type=\"heading.default\">\n\t\t\t\t<div class=\"elementor-widget-container\">\n\t\t\t\t\t<h2 class=\"elementor-heading-title elementor-size-default\">Carri\u00e8res au Caf\u00e9 D\u00e9p\u00f4t<\/h2>\t\t\t\t<\/div>\n\t\t\t\t<\/div>\n\t\t\t\t\t<\/div>\n\t\t<\/div>\n\t\t\t\t\t<\/div>\n\t\t<\/section>\n\t\t\t\t<section class=\"has_eae_slider elementor-section elementor-top-section elementor-element elementor-element-df24d9a elementor-section-full_width elementor-reverse-tablet elementor-reverse-mobile elementor-section-height-default elementor-section-height-default\" data-eae-slider=\"9478\" data-particle_enable=\"false\" data-particle-mobile-disabled=\"false\" data-id=\"df24d9a\" data-element_type=\"section\" data-e-type=\"section\">\n\t\t\t\t\t\t<div class=\"elementor-container elementor-column-gap-default\">\n\t\t\t\t\t<div class=\"has_eae_slider elementor-column elementor-col-50 elementor-top-column elementor-element elementor-element-d545818\" data-eae-slider=\"464\" data-id=\"d545818\" data-element_type=\"column\" data-e-type=\"column\">\n\t\t\t<div class=\"elementor-widget-wrap elementor-element-populated\">\n\t\t\t\t\t\t<div class=\"elementor-element elementor-element-0d48320 elementor-hidden-tablet elementor-hidden-mobile elementor-widget elementor-widget-spacer\" data-id=\"0d48320\" data-element_type=\"widget\" data-e-type=\"widget\" data-widget_type=\"spacer.default\">\n\t\t\t\t<div class=\"elementor-widget-container\">\n\t\t\t\t\t\t\t<div class=\"elementor-spacer\">\n\t\t\t<div class=\"elementor-spacer-inner\"><\/div>\n\t\t<\/div>\n\t\t\t\t\t\t<\/div>\n\t\t\t\t<\/div>\n\t\t\t\t\t<\/div>\n\t\t<\/div>\n\t\t\t\t<div class=\"has_eae_slider elementor-column elementor-col-50 elementor-top-column elementor-element elementor-element-04dd89b\" data-eae-slider=\"40707\" data-id=\"04dd89b\" data-element_type=\"column\" data-e-type=\"column\">\n\t\t\t<div class=\"elementor-widget-wrap elementor-element-populated\">\n\t\t\t\t\t\t<div class=\"elementor-element elementor-element-27efe85 elementor-widget elementor-widget-shortcode\" data-id=\"27efe85\" data-element_type=\"widget\" data-e-type=\"widget\" data-widget_type=\"shortcode.default\">\n\t\t\t\t<div class=\"elementor-widget-container\">\n\t\t\t\t\t\t\t<div class=\"elementor-shortcode\"><script type=\"text\/javascript\" src=\"https:\/\/form.jotform.com\/jsform\/212866393703259\"><\/script><\/div>\n\t\t\t\t\t\t<\/div>\n\t\t\t\t<\/div>\n\t\t\t\t\t<\/div>\n\t\t<\/div>\n\t\t\t\t\t<\/div>\n\t\t<\/section>\n\t\t\t\t<\/div>\n\t\t","protected":false},"excerpt":{"rendered":"<p>RETOUR SOUTIEN Carri\u00e8res au Caf\u00e9 D\u00e9p\u00f4t<\/p>\n","protected":false},"author":1,"featured_media":0,"parent":0,"menu_order":0,"comment_status":"closed","ping_status":"closed","template":"","meta":{"footnotes":""},"class_list":["post-75488","page","type-page","status-publish","hentry"],"_links":{"self":[{"href":"https:\/\/cafedepot.com\/fr\/wp-json\/wp\/v2\/pages\/75488","targetHints":{"allow":["GET"]}}],"collection":[{"href":"https:\/\/cafedepot.com\/fr\/wp-json\/wp\/v2\/pages"}],"about":[{"href":"https:\/\/cafedepot.com\/fr\/wp-json\/wp\/v2\/types\/page"}],"author":[{"embeddable":true,"href":"https:\/\/cafedepot.com\/fr\/wp-json\/wp\/v2\/users\/1"}],"replies":[{"embeddable":true,"href":"https:\/\/cafedepot.com\/fr\/wp-json\/wp\/v2\/comments?post=75488"}],"version-history":[{"count":0,"href":"https:\/\/cafedepot.com\/fr\/wp-json\/wp\/v2\/pages\/75488\/revisions"}],"wp:attachment":[{"href":"https:\/\/cafedepot.com\/fr\/wp-json\/wp\/v2\/media?parent=75488"}],"curies":[{"name":"wp","href":"https:\/\/api.w.org\/{rel}","templated":true}]}}