{"id":3807,"date":"2021-01-11T20:56:11","date_gmt":"2021-01-11T20:56:11","guid":{"rendered":"https:\/\/cafedepot.com\/shipping-returns\/"},"modified":"2023-12-04T18:01:17","modified_gmt":"2023-12-04T22:01:17","slug":"expedition-et-retours","status":"publish","type":"page","link":"https:\/\/cafedepot.com\/fr\/expedition-et-retours\/","title":{"rendered":"Exp\u00e9dition et retours"},"content":{"rendered":"\t\t<div data-elementor-type=\"wp-page\" data-elementor-id=\"3807\" class=\"elementor elementor-3807 elementor-3796\" data-elementor-post-type=\"page\">\n\t\t\t\t\t\t<section class=\"has_eae_slider elementor-section elementor-top-section elementor-element elementor-element-46ead31d elementor-section-boxed elementor-section-height-default elementor-section-height-default\" data-eae-slider=\"920\" data-particle_enable=\"false\" data-particle-mobile-disabled=\"false\" data-id=\"46ead31d\" data-element_type=\"section\" data-e-type=\"section\">\n\t\t\t\t\t\t<div class=\"elementor-container elementor-column-gap-default\">\n\t\t\t\t\t<div class=\"has_eae_slider elementor-column elementor-col-100 elementor-top-column elementor-element elementor-element-2a5642f9\" data-eae-slider=\"13203\" data-id=\"2a5642f9\" data-element_type=\"column\" data-e-type=\"column\">\n\t\t\t<div class=\"elementor-widget-wrap elementor-element-populated\">\n\t\t\t\t\t\t<div class=\"elementor-element elementor-element-f751973 elementor-widget elementor-widget-spacer\" data-id=\"f751973\" data-element_type=\"widget\" data-e-type=\"widget\" data-widget_type=\"spacer.default\">\n\t\t\t\t<div class=\"elementor-widget-container\">\n\t\t\t\t\t\t\t<div class=\"elementor-spacer\">\n\t\t\t<div class=\"elementor-spacer-inner\"><\/div>\n\t\t<\/div>\n\t\t\t\t\t\t<\/div>\n\t\t\t\t<\/div>\n\t\t\t\t<div class=\"elementor-element elementor-element-fbdab33 elementor-widget elementor-widget-heading\" data-id=\"fbdab33\" data-element_type=\"widget\" data-e-type=\"widget\" data-widget_type=\"heading.default\">\n\t\t\t\t<div class=\"elementor-widget-container\">\n\t\t\t\t\t<h2 class=\"elementor-heading-title elementor-size-default\">POLITIQUE DE LIVRAISON<\/h2>\t\t\t\t<\/div>\n\t\t\t\t<\/div>\n\t\t\t\t<div class=\"elementor-element elementor-element-177a2261 elementor-widget elementor-widget-text-editor\" data-id=\"177a2261\" data-element_type=\"widget\" data-e-type=\"widget\" data-widget_type=\"text-editor.default\">\n\t\t\t\t<div class=\"elementor-widget-container\">\n\t\t\t\t\t\t\t\t\t<p>La livraison est disponible que pour les provinces de Qu\u00e9bec et de l&rsquo;Ontario pour le moment.<br \/>Tarif de livraison fixe de 9,95 $.<\/p><p>Le d\u00e9lai de livraison est estim\u00e9 entre 5 et 10 jours ouvrables selon votre emplacement.<\/p>\t\t\t\t\t\t\t\t<\/div>\n\t\t\t\t<\/div>\n\t\t\t\t<div class=\"elementor-element elementor-element-dfa26cd elementor-widget elementor-widget-heading\" data-id=\"dfa26cd\" data-element_type=\"widget\" data-e-type=\"widget\" data-widget_type=\"heading.default\">\n\t\t\t\t<div class=\"elementor-widget-container\">\n\t\t\t\t\t<h2 class=\"elementor-heading-title elementor-size-default\">ANNULER OU MODIFIER UNE COMMANDE<\/h2>\t\t\t\t<\/div>\n\t\t\t\t<\/div>\n\t\t\t\t<div class=\"elementor-element elementor-element-ad52246 elementor-widget elementor-widget-text-editor\" data-id=\"ad52246\" data-element_type=\"widget\" data-e-type=\"widget\" data-widget_type=\"text-editor.default\">\n\t\t\t\t<div class=\"elementor-widget-container\">\n\t\t\t\t\t\t\t\t\tVous pouvez annuler ou modifier votre commande si elle n&rsquo;a pas encore \u00e9t\u00e9 exp\u00e9di\u00e9e. Veuillez nous contacter \u00e0 \ninfo@cafedepot.ca \t\t\t\t\t\t\t\t<\/div>\n\t\t\t\t<\/div>\n\t\t\t\t<div class=\"elementor-element elementor-element-d509e07 elementor-widget elementor-widget-heading\" data-id=\"d509e07\" data-element_type=\"widget\" data-e-type=\"widget\" data-widget_type=\"heading.default\">\n\t\t\t\t<div class=\"elementor-widget-container\">\n\t\t\t\t\t<h2 class=\"elementor-heading-title elementor-size-default\">VOUS N'AVEZ PAS RE\u00c7U VOTRE COMMANDE?<\/h2>\t\t\t\t<\/div>\n\t\t\t\t<\/div>\n\t\t\t\t<div class=\"elementor-element elementor-element-e015ee9 elementor-widget elementor-widget-text-editor\" data-id=\"e015ee9\" data-element_type=\"widget\" data-e-type=\"widget\" data-widget_type=\"text-editor.default\">\n\t\t\t\t<div class=\"elementor-widget-container\">\n\t\t\t\t\t\t\t\t\t<p>Veuillez nous contacter imm\u00e9diatement pour \u00e9valuer la situation et enqu\u00eater avec notre partenaire de livraison.<\/p><p><a href=\"mailto:info@cafedepot.ca\">info@cafedepot.ca<\/a><\/p>\t\t\t\t\t\t\t\t<\/div>\n\t\t\t\t<\/div>\n\t\t\t\t<div class=\"elementor-element elementor-element-fd8109e elementor-widget elementor-widget-heading\" data-id=\"fd8109e\" data-element_type=\"widget\" data-e-type=\"widget\" data-widget_type=\"heading.default\">\n\t\t\t\t<div class=\"elementor-widget-container\">\n\t\t\t\t\t<h2 class=\"elementor-heading-title elementor-size-default\">POLITIQUE DE RETOUR<\/h2>\t\t\t\t<\/div>\n\t\t\t\t<\/div>\n\t\t\t\t<div class=\"elementor-element elementor-element-c95a4df elementor-widget elementor-widget-text-editor\" data-id=\"c95a4df\" data-element_type=\"widget\" data-e-type=\"widget\" data-widget_type=\"text-editor.default\">\n\t\t\t\t<div class=\"elementor-widget-container\">\n\t\t\t\t\t\t\t\t\t<p>Tous les produits sont en vente finale.<\/p><p>En cas de r\u00e9ception d&rsquo;un produit endommag\u00e9 ou erron\u00e9, il nous fera plaisir de le remplacer par le m\u00eame article. Veuillez nous contacter dans les 2 jours \u00e0 compter de la date \u00e0 laquelle vous avez re\u00e7u votre commande \u00e0 <a href=\"mailto:info@cafedepot.ca\">info@cafedepot.ca<\/a><\/p><p>Pour le moment, nous ne sommes pas en mesure d&rsquo;\u00e9changer des accessoires en raison des mesures de s\u00e9curit\u00e9 Covid-19.<\/p><p>Abonnement Caf\u00e9: Nous garantissons la fra\u00eecheur et la qualit\u00e9 de nos produits.<\/p><p>S&rsquo;il y a une erreur dans votre commande, veuillez nous contacter \u00e0 <a href=\"mailto:info@cafedepot.ca\">info@cafedepot.ca<\/a> d\u00e8s que possible pour \u00e9valuer les possibilit\u00e9s.<\/p>\t\t\t\t\t\t\t\t<\/div>\n\t\t\t\t<\/div>\n\t\t\t\t<div class=\"elementor-element elementor-element-d1535ef elementor-widget elementor-widget-heading\" data-id=\"d1535ef\" data-element_type=\"widget\" data-e-type=\"widget\" data-widget_type=\"heading.default\">\n\t\t\t\t<div class=\"elementor-widget-container\">\n\t\t\t\t\t<h2 class=\"elementor-heading-title elementor-size-default\">POLITIQUE DE RAMASSAGE EN SUCCURSALE<\/h2>\t\t\t\t<\/div>\n\t\t\t\t<\/div>\n\t\t\t\t<div class=\"elementor-element elementor-element-926a87f elementor-widget elementor-widget-text-editor\" data-id=\"926a87f\" data-element_type=\"widget\" data-e-type=\"widget\" data-widget_type=\"text-editor.default\">\n\t\t\t\t<div class=\"elementor-widget-container\">\n\t\t\t\t\t\t\t\t\t<p>Lorsque votre commande est pr\u00eate \u00e0 \u00eatre ramass\u00e9e dans le succursale s\u00e9lectionn\u00e9e, vous recevrez une notification par courriel. Veuillez pr\u00e9voir 2 \u00e0 3 jours ouvrables.<\/p><p><strong>Nous conserverons votre commande <\/strong><strong style=\"color: #ff0000;\">PENDANT 7 JOURS <\/strong><strong>\u00e0 compter de la date \u00e0 laquelle vous recevez la notification de ramassage par courriel. <\/strong><\/p><p><strong>Si vous ne parvenez pas \u00e0 ramasser apr\u00e8s 7 jours, votre commande sera automatiquement annul\u00e9e et des frais de 10 $ seront d\u00e9duits du montant total de la commande.<\/strong><\/p><p>La m\u00eame politique de retour s&rsquo;applique aux commandes de ramassage en succursale.<\/p><p><strong>Tous les produits sont en vente finale.<\/strong><\/p><p>En cas de r\u00e9ception d&rsquo;un produit endommag\u00e9 ou erron\u00e9, il nous fera plaisir de le remplacer par le m\u00eame article. Veuillez nous contacter dans les 2 jours \u00e0 compter de la date de r\u00e9ception de votre commande \u00e0 <a href=\"mailto:info@cafedepot.ca\">info@cafedepot.ca<\/a> .<\/p><p><strong>Les produits disponibles, en ligne uniquement, ne sont pas disponibles pour le ramassage en succursale.<\/strong><\/p>\t\t\t\t\t\t\t\t<\/div>\n\t\t\t\t<\/div>\n\t\t\t\t<div class=\"elementor-element elementor-element-c84f7f4 elementor-widget elementor-widget-spacer\" data-id=\"c84f7f4\" data-element_type=\"widget\" data-e-type=\"widget\" data-widget_type=\"spacer.default\">\n\t\t\t\t<div class=\"elementor-widget-container\">\n\t\t\t\t\t\t\t<div class=\"elementor-spacer\">\n\t\t\t<div class=\"elementor-spacer-inner\"><\/div>\n\t\t<\/div>\n\t\t\t\t\t\t<\/div>\n\t\t\t\t<\/div>\n\t\t\t\t\t<\/div>\n\t\t<\/div>\n\t\t\t\t\t<\/div>\n\t\t<\/section>\n\t\t\t\t<\/div>\n\t\t","protected":false},"excerpt":{"rendered":"<p>POLITIQUE DE LIVRAISON La livraison est disponible que pour les provinces de Qu\u00e9bec et de l&rsquo;Ontario pour le moment. Tarif de livraison fixe de 9,95 $. Le d\u00e9lai de livraison est estim\u00e9 entre 5 et 10 jours ouvrables selon votre emplacement. ANNULER OU MODIFIER UNE COMMANDE Vous pouvez annuler ou modifier votre commande si elle [&hellip;]<\/p>\n","protected":false},"author":1,"featured_media":0,"parent":0,"menu_order":0,"comment_status":"closed","ping_status":"closed","template":"","meta":{"footnotes":""},"class_list":["post-3807","page","type-page","status-publish","hentry"],"_links":{"self":[{"href":"https:\/\/cafedepot.com\/fr\/wp-json\/wp\/v2\/pages\/3807","targetHints":{"allow":["GET"]}}],"collection":[{"href":"https:\/\/cafedepot.com\/fr\/wp-json\/wp\/v2\/pages"}],"about":[{"href":"https:\/\/cafedepot.com\/fr\/wp-json\/wp\/v2\/types\/page"}],"author":[{"embeddable":true,"href":"https:\/\/cafedepot.com\/fr\/wp-json\/wp\/v2\/users\/1"}],"replies":[{"embeddable":true,"href":"https:\/\/cafedepot.com\/fr\/wp-json\/wp\/v2\/comments?post=3807"}],"version-history":[{"count":0,"href":"https:\/\/cafedepot.com\/fr\/wp-json\/wp\/v2\/pages\/3807\/revisions"}],"wp:attachment":[{"href":"https:\/\/cafedepot.com\/fr\/wp-json\/wp\/v2\/media?parent=3807"}],"curies":[{"name":"wp","href":"https:\/\/api.w.org\/{rel}","templated":true}]}}